
{"id":41899,"date":"2015-04-20T11:50:56","date_gmt":"2015-04-20T09:50:56","guid":{"rendered":"https:\/\/www.harrida.at\/the-harrida\/"},"modified":"2024-04-26T11:37:30","modified_gmt":"2024-04-26T09:37:30","slug":"the-harrida","status":"publish","type":"page","link":"https:\/\/www.harrida.at\/en\/the-harrida\/","title":{"rendered":"The Harrida"},"content":{"rendered":"<div id=\"cmsmasters_row_2e672f4749\" class=\"cmsmasters_row cmsmasters_color_scheme_default cmsmasters_row_top_default cmsmasters_row_bot_default cmsmasters_row_boxed\">\n<div class=\"cmsmasters_row_outer_parent\">\n<div class=\"cmsmasters_row_outer\">\n<div class=\"cmsmasters_row_inner\">\n<div class=\"cmsmasters_row_margin\">\n<div id=\"cmsmasters_column_40ad6c17bc\" class=\"cmsmasters_column one_first\">\n<div class=\"cmsmasters_column_inner\"><div class=\"custom_html special-heading\">\n<p>History<\/p>\n<\/div>\n<div id=\"cmsmasters_heading_e6df6c9045\" class=\"cmsmasters_heading_wrap cmsmasters_heading_align_center\">\n\t<h1 class=\"cmsmasters_heading\">Hotel Harrida since 1926<\/h1>\n<\/div>\n<\/div><\/div>\n<\/div>\n<\/div>\n<\/div>\n<\/div>\n<\/div>\n<div id=\"cmsmasters_row_6f921e35a6\" class=\"cmsmasters_row cmsmasters_color_scheme_default cmsmasters_row_top_default cmsmasters_row_bot_default cmsmasters_row_boxed\">\n<div class=\"cmsmasters_row_outer_parent\">\n<div class=\"cmsmasters_row_outer\">\n<div class=\"cmsmasters_row_inner\">\n<div class=\"cmsmasters_row_margin\">\n<div id=\"cmsmasters_column_d7f6a5bc76\" class=\"cmsmasters_column one_first\">\n<div class=\"cmsmasters_column_inner\"><div class=\"aligncenter\"><div class=\"cmsmasters_img  cmsmasters_image_c\"><img decoding=\"async\" src=\"https:\/\/www.harrida.at\/wp-content\/uploads\/2019\/11\/Harrida_Geschichte-1024x602.jpg\" alt=\"Hotel Harrida WEissensee Geschichte\" \/><\/div><\/div>\n<\/div><\/div>\n<\/div>\n<\/div>\n<\/div>\n<\/div>\n<\/div>\n<div id=\"cmsmasters_row_hzj7mmblfh\" class=\"cmsmasters_row cmsmasters_color_scheme_default cmsmasters_row_top_default cmsmasters_row_bot_default cmsmasters_row_boxed\">\n<div class=\"cmsmasters_row_outer_parent\">\n<div class=\"cmsmasters_row_outer\">\n<div class=\"cmsmasters_row_inner\">\n<div class=\"cmsmasters_row_margin\">\n<div id=\"cmsmasters_column_2jmtespszp\" class=\"cmsmasters_column one_first\">\n<div class=\"cmsmasters_column_inner\"><div id=\"cmsmasters_heading_htnhmie98p\" class=\"cmsmasters_heading_wrap cmsmasters_heading_align_center\">\n\t<h2 class=\"cmsmasters_heading\">From hunting lodge to charming lakeside hotel<\/h2>\n<\/div>\n<\/div><\/div>\n<\/div>\n<\/div>\n<\/div>\n<\/div>\n<\/div>\n<div id=\"cmsmasters_row_9cjxy2fwz\" class=\"cmsmasters_row cmsmasters_color_scheme_default cmsmasters_row_top_default cmsmasters_row_bot_default cmsmasters_row_boxed\">\n<div class=\"cmsmasters_row_outer_parent\">\n<div class=\"cmsmasters_row_outer\">\n<div class=\"cmsmasters_row_inner\">\n<div class=\"cmsmasters_row_margin\">\n<div id=\"cmsmasters_column_ma8ivnzmfi\" class=\"cmsmasters_column one_half\">\n<div class=\"cmsmasters_column_inner\"><div class=\"cmsmasters_text\">\n<p>The &#8220;Harrida&#8221; house was once the hunting lodge of Count Harri von Stolberg and his wife Ida Russka. The house, not yet known as &#8220;Harrida&#8221; at the time, was built in 1924 by the carpenter and Stockenboier Burgermeister Mr. Unterluggauer and completed in 1926.<\/p>\n<p>From then on, it served as a hunting lodge and private accommodation for the Stolberg family.<br \/>\nAfter the end of the Second World War, the hunting lodge was then used as accommodation by the British military police and returned to the Stolberg family after the withdrawal of all armed forces.<\/p>\n<p>In the post-war period, many exclusive guests and friends of the Stolberg family gradually came to the Wei\u00dfensee to enjoy their summer retreat at the beautiful Wei\u00dfensee again. Names like H\u00f6rbiger, Wessely and many more. appear again and again in our oldest guest book.<\/p>\n<p>Incidentally, the name Harrida was invented by the friends and guests of Count Harri von Stolberg and his wife Ida Russka. The two first names were jokingly joined together to create the name Harrida.<\/p>\n<p>My grandparents Irma and Rudolf Posch bought the house in the late 1950s and over the years it was gradually converted from a small hunting lodge with a shower and WC in the corridor into a proper hotel with an annexe.<\/p>\n<p>&nbsp;<\/p>\n<\/div>\n<\/div><\/div>\n<div id=\"cmsmasters_column_k60o2haeo\" class=\"cmsmasters_column one_half\">\n<div class=\"cmsmasters_column_inner\"><div class=\"cmsmasters_text\">\n<p>In the mid-90s, the henchmen were then sent out in all four directions to look for a suitable successor. It wasn&#8217;t long before a grandson was chosen to succeed him. Of course, we had to prove ourselves suitable and so many years of training and collaboration passed until the final foundation stone for the succession was finally laid in 2016.<\/p>\n<p>From 2016, grandson Attila increasingly took the reins and tried to carefully maneuver the business into the 21st century alongside his grandmother, who never thought of giving up.<\/p>\n<p>A few more years passed and so the great and loving Mrs. Kolouch passed away suddenly on January 14, 2021 at the age of 95.<\/p>\n<p>Now the fate of the Hotel Harrida is in my hands and will undergo a gentle revitalization in the coming years. My family and I are looking forward to this future challenge with confidence.<\/p>\n<p>We look forward to welcoming many new guests, hope that our long-standing regulars will remain loyal to us and wish everyone all the strength in the world in these challenging times&#8230;and should you ever run out of it, just come to the Harrida and recharge your batteries with us.<\/p>\n<p>Your Uzman family<\/p>\n<\/div>\n<\/div><\/div>\n<\/div>\n<\/div>\n<\/div>\n<\/div>\n<\/div>\n<div id=\"cmsmasters_row_ob191azu6\" class=\"cmsmasters_row cmsmasters_color_scheme_default cmsmasters_row_top_default cmsmasters_row_bot_default cmsmasters_row_boxed\">\n<div class=\"cmsmasters_row_outer_parent\">\n<div class=\"cmsmasters_row_outer\">\n<div class=\"cmsmasters_row_inner\">\n<div class=\"cmsmasters_row_margin\">\n<div id=\"cmsmasters_column_rsdy0de2l\" class=\"cmsmasters_column one_first\">\n<div class=\"cmsmasters_column_inner\"><div class=\"custom_html special-heading\">\n<p>Timeline<\/p>\n<\/div>\n<div id=\"cmsmasters_heading_1a3lctkne\" class=\"cmsmasters_heading_wrap cmsmasters_heading_align_center\">\n\t<h2 class=\"cmsmasters_heading\">Hotel Harrida in pictures<\/h2>\n<\/div>\n<\/div><\/div>\n<\/div>\n<\/div>\n<\/div>\n<\/div>\n<\/div>\n<div id=\"cmsmasters_row_1ddtlicgv\" class=\"cmsmasters_row cmsmasters_color_scheme_default cmsmasters_row_top_default cmsmasters_row_bot_default cmsmasters_row_boxed\">\n<div class=\"cmsmasters_row_outer_parent\">\n<div class=\"cmsmasters_row_outer\">\n<div class=\"cmsmasters_row_inner\">\n<div class=\"cmsmasters_row_margin\">\n<div id=\"cmsmasters_column_xwj6g1zdk\" class=\"cmsmasters_column one_first\">\n<div class=\"cmsmasters_column_inner\"><div id=\"cmsmasters_gallery_r4iu08jr5\" class=\"cmsmasters_gallery_wrap\" data-type=\"masonry\" data-count=\"0\"><ul class=\"cmsmasters_gallery cmsmasters_3 cmsmasters_more_items_loader\"><li class=\"cmsmasters_gallery_item\"><figure><a href=\"https:\/\/www.harrida.at\/wp-content\/uploads\/2019\/11\/Hotel_Harrida_Geschichte_15.jpg\" rel=\"ilightbox[r4iu08jr5]\"><img decoding=\"async\" width=\"800\" height=\"558\" src=\"https:\/\/www.harrida.at\/wp-content\/uploads\/2019\/11\/Hotel_Harrida_Geschichte_15.jpg\" class=\"attachment-full size-full\" alt=\"Hotel Harrida Weissensee Geschichte\" srcset=\"https:\/\/www.harrida.at\/wp-content\/uploads\/2019\/11\/Hotel_Harrida_Geschichte_15.jpg 800w, https:\/\/www.harrida.at\/wp-content\/uploads\/2019\/11\/Hotel_Harrida_Geschichte_15-300x209.jpg 300w, https:\/\/www.harrida.at\/wp-content\/uploads\/2019\/11\/Hotel_Harrida_Geschichte_15-768x536.jpg 768w, https:\/\/www.harrida.at\/wp-content\/uploads\/2019\/11\/Hotel_Harrida_Geschichte_15-580x405.jpg 580w\" sizes=\"(max-width: 800px) 100vw, 800px\" \/><\/a><\/figure><\/li><li class=\"cmsmasters_gallery_item\"><figure><a href=\"https:\/\/www.harrida.at\/wp-content\/uploads\/2019\/11\/Hotel_Harrida_Geschichte_10.jpg\" rel=\"ilightbox[r4iu08jr5]\"><img decoding=\"async\" width=\"800\" height=\"794\" src=\"https:\/\/www.harrida.at\/wp-content\/uploads\/2019\/11\/Hotel_Harrida_Geschichte_10.jpg\" class=\"attachment-full size-full\" alt=\"Hotel Harrida Weissensee Irma Kolouch Geschichte\" srcset=\"https:\/\/www.harrida.at\/wp-content\/uploads\/2019\/11\/Hotel_Harrida_Geschichte_10.jpg 800w, https:\/\/www.harrida.at\/wp-content\/uploads\/2019\/11\/Hotel_Harrida_Geschichte_10-150x150.jpg 150w, https:\/\/www.harrida.at\/wp-content\/uploads\/2019\/11\/Hotel_Harrida_Geschichte_10-300x298.jpg 300w, https:\/\/www.harrida.at\/wp-content\/uploads\/2019\/11\/Hotel_Harrida_Geschichte_10-768x762.jpg 768w, https:\/\/www.harrida.at\/wp-content\/uploads\/2019\/11\/Hotel_Harrida_Geschichte_10-64x64.jpg 64w, https:\/\/www.harrida.at\/wp-content\/uploads\/2019\/11\/Hotel_Harrida_Geschichte_10-580x576.jpg 580w\" sizes=\"(max-width: 800px) 100vw, 800px\" \/><\/a><\/figure><\/li><li class=\"cmsmasters_gallery_item\"><figure><a href=\"https:\/\/www.harrida.at\/wp-content\/uploads\/2019\/11\/Hotel_Harrida_Geschichte_16.jpg\" rel=\"ilightbox[r4iu08jr5]\"><img decoding=\"async\" width=\"800\" height=\"586\" src=\"https:\/\/www.harrida.at\/wp-content\/uploads\/2019\/11\/Hotel_Harrida_Geschichte_16.jpg\" class=\"attachment-full size-full\" alt=\"Hotel Harrida Weissensee Landschaft Geschichte\" srcset=\"https:\/\/www.harrida.at\/wp-content\/uploads\/2019\/11\/Hotel_Harrida_Geschichte_16.jpg 800w, https:\/\/www.harrida.at\/wp-content\/uploads\/2019\/11\/Hotel_Harrida_Geschichte_16-300x220.jpg 300w, https:\/\/www.harrida.at\/wp-content\/uploads\/2019\/11\/Hotel_Harrida_Geschichte_16-768x563.jpg 768w, https:\/\/www.harrida.at\/wp-content\/uploads\/2019\/11\/Hotel_Harrida_Geschichte_16-580x425.jpg 580w\" sizes=\"(max-width: 800px) 100vw, 800px\" \/><\/a><\/figure><\/li><li class=\"cmsmasters_gallery_item\"><figure><a href=\"https:\/\/www.harrida.at\/wp-content\/uploads\/2019\/11\/Hotel_Harrida_Geschichte_7.jpg\" rel=\"ilightbox[r4iu08jr5]\"><img decoding=\"async\" width=\"800\" height=\"552\" src=\"https:\/\/www.harrida.at\/wp-content\/uploads\/2019\/11\/Hotel_Harrida_Geschichte_7.jpg\" class=\"attachment-full size-full\" alt=\"Hotel Harrida WEissensee Geschichte\" srcset=\"https:\/\/www.harrida.at\/wp-content\/uploads\/2019\/11\/Hotel_Harrida_Geschichte_7.jpg 800w, https:\/\/www.harrida.at\/wp-content\/uploads\/2019\/11\/Hotel_Harrida_Geschichte_7-300x207.jpg 300w, https:\/\/www.harrida.at\/wp-content\/uploads\/2019\/11\/Hotel_Harrida_Geschichte_7-768x530.jpg 768w, https:\/\/www.harrida.at\/wp-content\/uploads\/2019\/11\/Hotel_Harrida_Geschichte_7-580x400.jpg 580w\" sizes=\"(max-width: 800px) 100vw, 800px\" \/><\/a><\/figure><\/li><li class=\"cmsmasters_gallery_item\"><figure><a href=\"https:\/\/www.harrida.at\/wp-content\/uploads\/2019\/11\/Hotel_Harrida_Geschichte_9.jpg\" rel=\"ilightbox[r4iu08jr5]\"><img decoding=\"async\" width=\"800\" height=\"558\" src=\"https:\/\/www.harrida.at\/wp-content\/uploads\/2019\/11\/Hotel_Harrida_Geschichte_9.jpg\" class=\"attachment-full size-full\" alt=\"Hotel Harrida Weissensee Geschichte\" srcset=\"https:\/\/www.harrida.at\/wp-content\/uploads\/2019\/11\/Hotel_Harrida_Geschichte_9.jpg 800w, https:\/\/www.harrida.at\/wp-content\/uploads\/2019\/11\/Hotel_Harrida_Geschichte_9-300x209.jpg 300w, https:\/\/www.harrida.at\/wp-content\/uploads\/2019\/11\/Hotel_Harrida_Geschichte_9-768x536.jpg 768w, https:\/\/www.harrida.at\/wp-content\/uploads\/2019\/11\/Hotel_Harrida_Geschichte_9-580x405.jpg 580w\" sizes=\"(max-width: 800px) 100vw, 800px\" \/><\/a><\/figure><\/li><li class=\"cmsmasters_gallery_item\"><figure><a href=\"https:\/\/www.harrida.at\/wp-content\/uploads\/2019\/11\/Hotel_Harrida_Geschichte_5.jpg\" rel=\"ilightbox[r4iu08jr5]\"><img decoding=\"async\" width=\"800\" height=\"542\" src=\"https:\/\/www.harrida.at\/wp-content\/uploads\/2019\/11\/Hotel_Harrida_Geschichte_5.jpg\" class=\"attachment-full size-full\" alt=\"Hotel Harrida Weissensee Geschichte\" srcset=\"https:\/\/www.harrida.at\/wp-content\/uploads\/2019\/11\/Hotel_Harrida_Geschichte_5.jpg 800w, https:\/\/www.harrida.at\/wp-content\/uploads\/2019\/11\/Hotel_Harrida_Geschichte_5-300x203.jpg 300w, https:\/\/www.harrida.at\/wp-content\/uploads\/2019\/11\/Hotel_Harrida_Geschichte_5-768x520.jpg 768w, https:\/\/www.harrida.at\/wp-content\/uploads\/2019\/11\/Hotel_Harrida_Geschichte_5-580x393.jpg 580w\" sizes=\"(max-width: 800px) 100vw, 800px\" \/><\/a><\/figure><\/li><li class=\"cmsmasters_gallery_item\"><figure><a href=\"https:\/\/www.harrida.at\/wp-content\/uploads\/2019\/11\/Hotel_Harrida_Geschichte_4.jpg\" rel=\"ilightbox[r4iu08jr5]\"><img decoding=\"async\" width=\"800\" height=\"547\" src=\"https:\/\/www.harrida.at\/wp-content\/uploads\/2019\/11\/Hotel_Harrida_Geschichte_4.jpg\" class=\"attachment-full size-full\" alt=\"Hotel Harrida Weissensee Fr\u00fchst\u00fccksterrasse Geschichte\" srcset=\"https:\/\/www.harrida.at\/wp-content\/uploads\/2019\/11\/Hotel_Harrida_Geschichte_4.jpg 800w, https:\/\/www.harrida.at\/wp-content\/uploads\/2019\/11\/Hotel_Harrida_Geschichte_4-300x205.jpg 300w, https:\/\/www.harrida.at\/wp-content\/uploads\/2019\/11\/Hotel_Harrida_Geschichte_4-768x525.jpg 768w, https:\/\/www.harrida.at\/wp-content\/uploads\/2019\/11\/Hotel_Harrida_Geschichte_4-580x397.jpg 580w\" sizes=\"(max-width: 800px) 100vw, 800px\" \/><\/a><\/figure><\/li><li class=\"cmsmasters_gallery_item\"><figure><a href=\"https:\/\/www.harrida.at\/wp-content\/uploads\/2019\/11\/Hotel_Harrida_Geschichte_3.jpg\" rel=\"ilightbox[r4iu08jr5]\"><img decoding=\"async\" width=\"800\" height=\"561\" src=\"https:\/\/www.harrida.at\/wp-content\/uploads\/2019\/11\/Hotel_Harrida_Geschichte_3.jpg\" class=\"attachment-full size-full\" alt=\"Hotel Harrida Weissensee Geschichte\" srcset=\"https:\/\/www.harrida.at\/wp-content\/uploads\/2019\/11\/Hotel_Harrida_Geschichte_3.jpg 800w, https:\/\/www.harrida.at\/wp-content\/uploads\/2019\/11\/Hotel_Harrida_Geschichte_3-300x210.jpg 300w, https:\/\/www.harrida.at\/wp-content\/uploads\/2019\/11\/Hotel_Harrida_Geschichte_3-768x539.jpg 768w, https:\/\/www.harrida.at\/wp-content\/uploads\/2019\/11\/Hotel_Harrida_Geschichte_3-580x407.jpg 580w\" sizes=\"(max-width: 800px) 100vw, 800px\" \/><\/a><\/figure><\/li><li class=\"cmsmasters_gallery_item\"><figure><a href=\"https:\/\/www.harrida.at\/wp-content\/uploads\/2019\/11\/Hotel_Harrida_Geschichte_2.jpg\" rel=\"ilightbox[r4iu08jr5]\"><img decoding=\"async\" width=\"800\" height=\"543\" src=\"https:\/\/www.harrida.at\/wp-content\/uploads\/2019\/11\/Hotel_Harrida_Geschichte_2.jpg\" class=\"attachment-full size-full\" alt=\"Hotel Harrida Weissensee Geschichte\" srcset=\"https:\/\/www.harrida.at\/wp-content\/uploads\/2019\/11\/Hotel_Harrida_Geschichte_2.jpg 800w, https:\/\/www.harrida.at\/wp-content\/uploads\/2019\/11\/Hotel_Harrida_Geschichte_2-300x204.jpg 300w, https:\/\/www.harrida.at\/wp-content\/uploads\/2019\/11\/Hotel_Harrida_Geschichte_2-768x521.jpg 768w, https:\/\/www.harrida.at\/wp-content\/uploads\/2019\/11\/Hotel_Harrida_Geschichte_2-580x394.jpg 580w\" sizes=\"(max-width: 800px) 100vw, 800px\" \/><\/a><\/figure><\/li><li class=\"cmsmasters_gallery_item\"><figure><a href=\"https:\/\/www.harrida.at\/wp-content\/uploads\/2019\/11\/Hotel_Harrida_Geschichte_17.jpg\" rel=\"ilightbox[r4iu08jr5]\"><img decoding=\"async\" width=\"800\" height=\"574\" src=\"https:\/\/www.harrida.at\/wp-content\/uploads\/2019\/11\/Hotel_Harrida_Geschichte_17.jpg\" class=\"attachment-full size-full\" alt=\"Hotel Harrida Weissensee Rudulf Posch Geschichte\" srcset=\"https:\/\/www.harrida.at\/wp-content\/uploads\/2019\/11\/Hotel_Harrida_Geschichte_17.jpg 800w, https:\/\/www.harrida.at\/wp-content\/uploads\/2019\/11\/Hotel_Harrida_Geschichte_17-300x215.jpg 300w, https:\/\/www.harrida.at\/wp-content\/uploads\/2019\/11\/Hotel_Harrida_Geschichte_17-768x551.jpg 768w, https:\/\/www.harrida.at\/wp-content\/uploads\/2019\/11\/Hotel_Harrida_Geschichte_17-580x416.jpg 580w\" sizes=\"(max-width: 800px) 100vw, 800px\" \/><\/a><\/figure><\/li><li class=\"cmsmasters_gallery_item\"><figure><a href=\"https:\/\/www.harrida.at\/wp-content\/uploads\/2019\/11\/Hotel_Harrida_Geschichte_1.jpg\" rel=\"ilightbox[r4iu08jr5]\"><img decoding=\"async\" width=\"800\" height=\"568\" src=\"https:\/\/www.harrida.at\/wp-content\/uploads\/2019\/11\/Hotel_Harrida_Geschichte_1.jpg\" class=\"attachment-full size-full\" alt=\"Hotel Harrida Weissensee Geschichte\" srcset=\"https:\/\/www.harrida.at\/wp-content\/uploads\/2019\/11\/Hotel_Harrida_Geschichte_1.jpg 800w, https:\/\/www.harrida.at\/wp-content\/uploads\/2019\/11\/Hotel_Harrida_Geschichte_1-300x213.jpg 300w, https:\/\/www.harrida.at\/wp-content\/uploads\/2019\/11\/Hotel_Harrida_Geschichte_1-768x545.jpg 768w, https:\/\/www.harrida.at\/wp-content\/uploads\/2019\/11\/Hotel_Harrida_Geschichte_1-580x412.jpg 580w\" sizes=\"(max-width: 800px) 100vw, 800px\" \/><\/a><\/figure><\/li><\/ul><\/div>\n<\/div><\/div>\n<\/div>\n<\/div>\n<\/div>\n<\/div>\n<\/div>\n\n","protected":false},"excerpt":{"rendered":"","protected":false},"author":1,"featured_media":0,"parent":0,"menu_order":20,"comment_status":"closed","ping_status":"closed","template":"","meta":{"footnotes":""},"class_list":["post-41899","page","type-page","status-publish","hentry"],"yoast_head":"<!-- This site is optimized with the Yoast SEO plugin v27.4 - https:\/\/yoast.com\/product\/yoast-seo-wordpress\/ -->\n<title>History and tradition Hotel Harrida<\/title>\n<meta name=\"description\" content=\"History and tradition of the &quot;Harrida&quot; house on Lake Weissensee. Page 1926 - from a hunting lodge to a jewel on Lake Weissensee.\" \/>\n<meta name=\"robots\" content=\"index, follow, max-snippet:-1, max-image-preview:large, max-video-preview:-1\" \/>\n<link rel=\"canonical\" href=\"https:\/\/www.harrida.at\/en\/the-harrida\/\" \/>\n<meta property=\"og:locale\" content=\"en_US\" \/>\n<meta property=\"og:type\" content=\"article\" \/>\n<meta property=\"og:title\" content=\"History and tradition Hotel Harrida\" \/>\n<meta property=\"og:description\" content=\"History and tradition of the &quot;Harrida&quot; house on Lake Weissensee. Page 1926 - from a hunting lodge to a jewel on Lake Weissensee.\" \/>\n<meta property=\"og:url\" content=\"https:\/\/www.harrida.at\/en\/the-harrida\/\" \/>\n<meta property=\"og:site_name\" content=\"Hotel Harrida\" \/>\n<meta property=\"article:modified_time\" content=\"2024-04-26T09:37:30+00:00\" \/>\n<meta name=\"twitter:card\" content=\"summary_large_image\" \/>\n<meta name=\"twitter:label1\" content=\"Est. reading time\" \/>\n\t<meta name=\"twitter:data1\" content=\"3 minutes\" \/>\n<script type=\"application\/ld+json\" class=\"yoast-schema-graph\">{\"@context\":\"https:\\\/\\\/schema.org\",\"@graph\":[{\"@type\":\"WebPage\",\"@id\":\"https:\\\/\\\/www.harrida.at\\\/en\\\/the-harrida\\\/\",\"url\":\"https:\\\/\\\/www.harrida.at\\\/en\\\/the-harrida\\\/\",\"name\":\"History and tradition Hotel Harrida\",\"isPartOf\":{\"@id\":\"https:\\\/\\\/www.harrida.at\\\/en\\\/#website\"},\"datePublished\":\"2015-04-20T09:50:56+00:00\",\"dateModified\":\"2024-04-26T09:37:30+00:00\",\"description\":\"History and tradition of the \\\"Harrida\\\" house on Lake Weissensee. Page 1926 - from a hunting lodge to a jewel on Lake Weissensee.\",\"breadcrumb\":{\"@id\":\"https:\\\/\\\/www.harrida.at\\\/en\\\/the-harrida\\\/#breadcrumb\"},\"inLanguage\":\"en-US\",\"potentialAction\":[{\"@type\":\"ReadAction\",\"target\":[\"https:\\\/\\\/www.harrida.at\\\/en\\\/the-harrida\\\/\"]}]},{\"@type\":\"BreadcrumbList\",\"@id\":\"https:\\\/\\\/www.harrida.at\\\/en\\\/the-harrida\\\/#breadcrumb\",\"itemListElement\":[{\"@type\":\"ListItem\",\"position\":1,\"name\":\"Home\",\"item\":\"https:\\\/\\\/www.harrida.at\\\/en\\\/\"},{\"@type\":\"ListItem\",\"position\":2,\"name\":\"The Harrida\"}]},{\"@type\":\"WebSite\",\"@id\":\"https:\\\/\\\/www.harrida.at\\\/en\\\/#website\",\"url\":\"https:\\\/\\\/www.harrida.at\\\/en\\\/\",\"name\":\"Hotel Harrida\",\"description\":\"Hotel at the Wei\u00dfensee\",\"potentialAction\":[{\"@type\":\"SearchAction\",\"target\":{\"@type\":\"EntryPoint\",\"urlTemplate\":\"https:\\\/\\\/www.harrida.at\\\/en\\\/?s={search_term_string}\"},\"query-input\":{\"@type\":\"PropertyValueSpecification\",\"valueRequired\":true,\"valueName\":\"search_term_string\"}}],\"inLanguage\":\"en-US\"}]}<\/script>\n<!-- \/ Yoast SEO plugin. -->","yoast_head_json":{"title":"History and tradition Hotel Harrida","description":"History and tradition of the \"Harrida\" house on Lake Weissensee. Page 1926 - from a hunting lodge to a jewel on Lake Weissensee.","robots":{"index":"index","follow":"follow","max-snippet":"max-snippet:-1","max-image-preview":"max-image-preview:large","max-video-preview":"max-video-preview:-1"},"canonical":"https:\/\/www.harrida.at\/en\/the-harrida\/","og_locale":"en_US","og_type":"article","og_title":"History and tradition Hotel Harrida","og_description":"History and tradition of the \"Harrida\" house on Lake Weissensee. Page 1926 - from a hunting lodge to a jewel on Lake Weissensee.","og_url":"https:\/\/www.harrida.at\/en\/the-harrida\/","og_site_name":"Hotel Harrida","article_modified_time":"2024-04-26T09:37:30+00:00","twitter_card":"summary_large_image","twitter_misc":{"Est. reading time":"3 minutes"},"schema":{"@context":"https:\/\/schema.org","@graph":[{"@type":"WebPage","@id":"https:\/\/www.harrida.at\/en\/the-harrida\/","url":"https:\/\/www.harrida.at\/en\/the-harrida\/","name":"History and tradition Hotel Harrida","isPartOf":{"@id":"https:\/\/www.harrida.at\/en\/#website"},"datePublished":"2015-04-20T09:50:56+00:00","dateModified":"2024-04-26T09:37:30+00:00","description":"History and tradition of the \"Harrida\" house on Lake Weissensee. Page 1926 - from a hunting lodge to a jewel on Lake Weissensee.","breadcrumb":{"@id":"https:\/\/www.harrida.at\/en\/the-harrida\/#breadcrumb"},"inLanguage":"en-US","potentialAction":[{"@type":"ReadAction","target":["https:\/\/www.harrida.at\/en\/the-harrida\/"]}]},{"@type":"BreadcrumbList","@id":"https:\/\/www.harrida.at\/en\/the-harrida\/#breadcrumb","itemListElement":[{"@type":"ListItem","position":1,"name":"Home","item":"https:\/\/www.harrida.at\/en\/"},{"@type":"ListItem","position":2,"name":"The Harrida"}]},{"@type":"WebSite","@id":"https:\/\/www.harrida.at\/en\/#website","url":"https:\/\/www.harrida.at\/en\/","name":"Hotel Harrida","description":"Hotel at the Wei\u00dfensee","potentialAction":[{"@type":"SearchAction","target":{"@type":"EntryPoint","urlTemplate":"https:\/\/www.harrida.at\/en\/?s={search_term_string}"},"query-input":{"@type":"PropertyValueSpecification","valueRequired":true,"valueName":"search_term_string"}}],"inLanguage":"en-US"}]}},"_links":{"self":[{"href":"https:\/\/www.harrida.at\/en\/wp-json\/wp\/v2\/pages\/41899","targetHints":{"allow":["GET"]}}],"collection":[{"href":"https:\/\/www.harrida.at\/en\/wp-json\/wp\/v2\/pages"}],"about":[{"href":"https:\/\/www.harrida.at\/en\/wp-json\/wp\/v2\/types\/page"}],"author":[{"embeddable":true,"href":"https:\/\/www.harrida.at\/en\/wp-json\/wp\/v2\/users\/1"}],"replies":[{"embeddable":true,"href":"https:\/\/www.harrida.at\/en\/wp-json\/wp\/v2\/comments?post=41899"}],"version-history":[{"count":3,"href":"https:\/\/www.harrida.at\/en\/wp-json\/wp\/v2\/pages\/41899\/revisions"}],"predecessor-version":[{"id":41976,"href":"https:\/\/www.harrida.at\/en\/wp-json\/wp\/v2\/pages\/41899\/revisions\/41976"}],"wp:attachment":[{"href":"https:\/\/www.harrida.at\/en\/wp-json\/wp\/v2\/media?parent=41899"}],"curies":[{"name":"wp","href":"https:\/\/api.w.org\/{rel}","templated":true}]}}